{"id":71,"date":"2021-04-09T07:20:51","date_gmt":"2021-04-09T07:20:51","guid":{"rendered":"http:\/\/localhost\/alexassunnydays\/about\/"},"modified":"2022-06-25T11:34:10","modified_gmt":"2022-06-25T11:34:10","slug":"about","status":"publish","type":"page","link":"https:\/\/alexassunnydays.gr\/ro\/about\/","title":{"rendered":"Despre"},"content":{"rendered":"\n<h2 class=\"h2 wp-block-heading\">Alexa&#8217;s Sunny Days<\/h2>\n\n\n\n<p>Alexa\u2019s Sunny Days s-a deschis \u00een prim\u0103vara anului 2021. Unitatea de cazare exist\u0103 din 2012 \u0219i a fost cunoscut\u0103 sub numele de B Home Apartments, sub conducere \u0219i proprietate anterioar\u0103.<br>Este un complex recent renovat, iar decorul s\u0103u provine din tehnici tradi\u021bionale \u0219i moderne.<br>Loca\u021bia sa ideal\u0103, camerele elegante \u0219i gr\u0103dina lini\u0219tit\u0103 de l\u00e2ng\u0103 piscin\u0103, combinate cu disponibilitatea noastr\u0103 de a oferi \u00een permanen\u021b\u0103 cele mai bune servicii pot garanta oaspe\u021bilor no\u0219tri un sejur pl\u0103cut.<\/p>\n\n\n\n<h2 class=\"wp-block-heading\"><\/h2>\n","protected":false},"excerpt":{"rendered":"<p>Alexa&#8217;s Sunny Days Alexa\u2019s Sunny Days s-a deschis \u00een prim\u0103vara anului 2021. Unitatea de cazare exist\u0103 din 2012 \u0219i a fost cunoscut\u0103 sub numele de B Home Apartments, sub conducere \u0219i proprietate anterioar\u0103.Este un complex recent renovat, iar decorul s\u0103u provine din tehnici tradi\u021bionale \u0219i moderne.Loca\u021bia sa ideal\u0103, camerele elegante \u0219i gr\u0103dina lini\u0219tit\u0103 de l\u00e2ng\u0103 [&hellip;]<\/p>\n","protected":false},"author":1,"featured_media":1198,"parent":0,"menu_order":34,"comment_status":"closed","ping_status":"closed","template":"page-about.php","meta":{"_acf_changed":false,"footnotes":""},"class_list":["post-71","page","type-page","status-publish","has-post-thumbnail","hentry"],"acf":[],"yoast_head":"<!-- This site is optimized with the Yoast SEO plugin v27.5 - https:\/\/yoast.com\/product\/yoast-seo-wordpress\/ -->\n<title>Despre - Alexa&#039;s Sunny Days<\/title>\n<meta name=\"description\" content=\"Alexa&#039;s Sunny Days este o unitate de cazare care ofer\u0103 camere \u0219i apartamente deschise \u00een 2021 \u00eenLimenaria, pe insula Thasos de Alexa.\" \/>\n<meta name=\"robots\" content=\"index, follow, max-snippet:-1, max-image-preview:large, max-video-preview:-1\" \/>\n<link rel=\"canonical\" href=\"https:\/\/alexassunnydays.gr\/ro\/about\/\" \/>\n<meta property=\"og:locale\" content=\"ro_RO\" \/>\n<meta property=\"og:type\" content=\"article\" \/>\n<meta property=\"og:title\" content=\"Despre - Alexa&#039;s Sunny Days\" \/>\n<meta property=\"og:description\" content=\"Alexa&#039;s Sunny Days este o unitate de cazare care ofer\u0103 camere \u0219i apartamente deschise \u00een 2021 \u00eenLimenaria, pe insula Thasos de Alexa.\" \/>\n<meta property=\"og:url\" content=\"https:\/\/alexassunnydays.gr\/ro\/about\/\" \/>\n<meta property=\"og:site_name\" content=\"Alexa&#039;s Sunny Days\" \/>\n<meta property=\"article:modified_time\" content=\"2022-06-25T11:34:10+00:00\" \/>\n<meta property=\"og:image\" content=\"https:\/\/alexassunnydays.gr\/wp-content\/uploads\/2022\/06\/IMG_8223-scaled.jpg\" \/>\n\t<meta property=\"og:image:width\" content=\"2560\" \/>\n\t<meta property=\"og:image:height\" content=\"1707\" \/>\n\t<meta property=\"og:image:type\" content=\"image\/jpeg\" \/>\n<meta name=\"twitter:card\" content=\"summary_large_image\" \/>\n<meta name=\"twitter:label1\" content=\"Timp estimat pentru citire\" \/>\n\t<meta name=\"twitter:data1\" content=\"1 minute\" \/>\n<script type=\"application\/ld+json\" class=\"yoast-schema-graph\">{\"@context\":\"https:\\\/\\\/schema.org\",\"@graph\":[{\"@type\":\"WebPage\",\"@id\":\"https:\\\/\\\/alexassunnydays.gr\\\/ro\\\/about\\\/\",\"url\":\"https:\\\/\\\/alexassunnydays.gr\\\/ro\\\/about\\\/\",\"name\":\"Despre - Alexa&#039;s Sunny Days\",\"isPartOf\":{\"@id\":\"https:\\\/\\\/alexassunnydays.gr\\\/#website\"},\"primaryImageOfPage\":{\"@id\":\"https:\\\/\\\/alexassunnydays.gr\\\/ro\\\/about\\\/#primaryimage\"},\"image\":{\"@id\":\"https:\\\/\\\/alexassunnydays.gr\\\/ro\\\/about\\\/#primaryimage\"},\"thumbnailUrl\":\"https:\\\/\\\/alexassunnydays.gr\\\/wp-content\\\/uploads\\\/2022\\\/06\\\/IMG_8223-scaled.jpg\",\"datePublished\":\"2021-04-09T07:20:51+00:00\",\"dateModified\":\"2022-06-25T11:34:10+00:00\",\"description\":\"Alexa's Sunny Days este o unitate de cazare care ofer\u0103 camere \u0219i apartamente deschise \u00een 2021 \u00eenLimenaria, pe insula Thasos de Alexa.\",\"breadcrumb\":{\"@id\":\"https:\\\/\\\/alexassunnydays.gr\\\/ro\\\/about\\\/#breadcrumb\"},\"inLanguage\":\"ro-RO\",\"potentialAction\":[{\"@type\":\"ReadAction\",\"target\":[\"https:\\\/\\\/alexassunnydays.gr\\\/ro\\\/about\\\/\"]}]},{\"@type\":\"ImageObject\",\"inLanguage\":\"ro-RO\",\"@id\":\"https:\\\/\\\/alexassunnydays.gr\\\/ro\\\/about\\\/#primaryimage\",\"url\":\"https:\\\/\\\/alexassunnydays.gr\\\/wp-content\\\/uploads\\\/2022\\\/06\\\/IMG_8223-scaled.jpg\",\"contentUrl\":\"https:\\\/\\\/alexassunnydays.gr\\\/wp-content\\\/uploads\\\/2022\\\/06\\\/IMG_8223-scaled.jpg\",\"width\":2560,\"height\":1707},{\"@type\":\"BreadcrumbList\",\"@id\":\"https:\\\/\\\/alexassunnydays.gr\\\/ro\\\/about\\\/#breadcrumb\",\"itemListElement\":[{\"@type\":\"ListItem\",\"position\":1,\"name\":\"Home\",\"item\":\"https:\\\/\\\/alexassunnydays.gr\\\/ro\\\/front-page\\\/\"},{\"@type\":\"ListItem\",\"position\":2,\"name\":\"Despre\"}]},{\"@type\":\"WebSite\",\"@id\":\"https:\\\/\\\/alexassunnydays.gr\\\/#website\",\"url\":\"https:\\\/\\\/alexassunnydays.gr\\\/\",\"name\":\"Alexa&#039;s Sunny Days\",\"description\":\"Apartments at Limenaria Thassos\",\"potentialAction\":[{\"@type\":\"SearchAction\",\"target\":{\"@type\":\"EntryPoint\",\"urlTemplate\":\"https:\\\/\\\/alexassunnydays.gr\\\/?s={search_term_string}\"},\"query-input\":{\"@type\":\"PropertyValueSpecification\",\"valueRequired\":true,\"valueName\":\"search_term_string\"}}],\"inLanguage\":\"ro-RO\"}]}<\/script>\n<!-- \/ Yoast SEO plugin. -->","yoast_head_json":{"title":"Despre - Alexa&#039;s Sunny Days","description":"Alexa's Sunny Days este o unitate de cazare care ofer\u0103 camere \u0219i apartamente deschise \u00een 2021 \u00eenLimenaria, pe insula Thasos de Alexa.","robots":{"index":"index","follow":"follow","max-snippet":"max-snippet:-1","max-image-preview":"max-image-preview:large","max-video-preview":"max-video-preview:-1"},"canonical":"https:\/\/alexassunnydays.gr\/ro\/about\/","og_locale":"ro_RO","og_type":"article","og_title":"Despre - Alexa&#039;s Sunny Days","og_description":"Alexa's Sunny Days este o unitate de cazare care ofer\u0103 camere \u0219i apartamente deschise \u00een 2021 \u00eenLimenaria, pe insula Thasos de Alexa.","og_url":"https:\/\/alexassunnydays.gr\/ro\/about\/","og_site_name":"Alexa&#039;s Sunny Days","article_modified_time":"2022-06-25T11:34:10+00:00","og_image":[{"width":2560,"height":1707,"url":"https:\/\/alexassunnydays.gr\/wp-content\/uploads\/2022\/06\/IMG_8223-scaled.jpg","type":"image\/jpeg"}],"twitter_card":"summary_large_image","twitter_misc":{"Timp estimat pentru citire":"1 minute"},"schema":{"@context":"https:\/\/schema.org","@graph":[{"@type":"WebPage","@id":"https:\/\/alexassunnydays.gr\/ro\/about\/","url":"https:\/\/alexassunnydays.gr\/ro\/about\/","name":"Despre - Alexa&#039;s Sunny Days","isPartOf":{"@id":"https:\/\/alexassunnydays.gr\/#website"},"primaryImageOfPage":{"@id":"https:\/\/alexassunnydays.gr\/ro\/about\/#primaryimage"},"image":{"@id":"https:\/\/alexassunnydays.gr\/ro\/about\/#primaryimage"},"thumbnailUrl":"https:\/\/alexassunnydays.gr\/wp-content\/uploads\/2022\/06\/IMG_8223-scaled.jpg","datePublished":"2021-04-09T07:20:51+00:00","dateModified":"2022-06-25T11:34:10+00:00","description":"Alexa's Sunny Days este o unitate de cazare care ofer\u0103 camere \u0219i apartamente deschise \u00een 2021 \u00eenLimenaria, pe insula Thasos de Alexa.","breadcrumb":{"@id":"https:\/\/alexassunnydays.gr\/ro\/about\/#breadcrumb"},"inLanguage":"ro-RO","potentialAction":[{"@type":"ReadAction","target":["https:\/\/alexassunnydays.gr\/ro\/about\/"]}]},{"@type":"ImageObject","inLanguage":"ro-RO","@id":"https:\/\/alexassunnydays.gr\/ro\/about\/#primaryimage","url":"https:\/\/alexassunnydays.gr\/wp-content\/uploads\/2022\/06\/IMG_8223-scaled.jpg","contentUrl":"https:\/\/alexassunnydays.gr\/wp-content\/uploads\/2022\/06\/IMG_8223-scaled.jpg","width":2560,"height":1707},{"@type":"BreadcrumbList","@id":"https:\/\/alexassunnydays.gr\/ro\/about\/#breadcrumb","itemListElement":[{"@type":"ListItem","position":1,"name":"Home","item":"https:\/\/alexassunnydays.gr\/ro\/front-page\/"},{"@type":"ListItem","position":2,"name":"Despre"}]},{"@type":"WebSite","@id":"https:\/\/alexassunnydays.gr\/#website","url":"https:\/\/alexassunnydays.gr\/","name":"Alexa&#039;s Sunny Days","description":"Apartments at Limenaria Thassos","potentialAction":[{"@type":"SearchAction","target":{"@type":"EntryPoint","urlTemplate":"https:\/\/alexassunnydays.gr\/?s={search_term_string}"},"query-input":{"@type":"PropertyValueSpecification","valueRequired":true,"valueName":"search_term_string"}}],"inLanguage":"ro-RO"}]}},"_links":{"self":[{"href":"https:\/\/alexassunnydays.gr\/ro\/wp-json\/wp\/v2\/pages\/71","targetHints":{"allow":["GET"]}}],"collection":[{"href":"https:\/\/alexassunnydays.gr\/ro\/wp-json\/wp\/v2\/pages"}],"about":[{"href":"https:\/\/alexassunnydays.gr\/ro\/wp-json\/wp\/v2\/types\/page"}],"author":[{"embeddable":true,"href":"https:\/\/alexassunnydays.gr\/ro\/wp-json\/wp\/v2\/users\/1"}],"replies":[{"embeddable":true,"href":"https:\/\/alexassunnydays.gr\/ro\/wp-json\/wp\/v2\/comments?post=71"}],"version-history":[{"count":36,"href":"https:\/\/alexassunnydays.gr\/ro\/wp-json\/wp\/v2\/pages\/71\/revisions"}],"predecessor-version":[{"id":1899,"href":"https:\/\/alexassunnydays.gr\/ro\/wp-json\/wp\/v2\/pages\/71\/revisions\/1899"}],"wp:featuredmedia":[{"embeddable":true,"href":"https:\/\/alexassunnydays.gr\/ro\/wp-json\/wp\/v2\/media\/1198"}],"wp:attachment":[{"href":"https:\/\/alexassunnydays.gr\/ro\/wp-json\/wp\/v2\/media?parent=71"}],"curies":[{"name":"wp","href":"https:\/\/api.w.org\/{rel}","templated":true}]}}