{"id":51,"date":"2021-04-09T07:19:49","date_gmt":"2021-04-09T07:19:49","guid":{"rendered":"http:\/\/localhost\/alexassunnydays\/find-us\/"},"modified":"2021-06-16T04:06:48","modified_gmt":"2021-06-16T04:06:48","slug":"find-us","status":"publish","type":"page","link":"https:\/\/alexassunnydays.gr\/ro\/find-us\/","title":{"rendered":"LOCATIA"},"content":{"rendered":"\n<h3 class=\"h2 wp-block-heading\">Cu feribotul din portul Kavala<\/h3>\n\n\n\n<p>Feribotul ajunge la Prinos. Ie\u0219ind din doc, urma\u021bi indicatoarele pentru Limenaria (aproximativ 20 de minute cu ma\u0219ina). C\u00e2nd ajunge\u021bi la Limenaria, pe intersec\u021bia principal\u0103, face\u021bi st\u00e2nga \u0219i la 100 de metri de-a lungul acestui drum se afl\u0103 Alexa\u2019s Sunny Days.<\/p>\n\n\n\n<h3 class=\"h2 wp-block-heading\">Cu feribotul de la docul Keramoti<\/h3>\n\n\n\n<p>Sosirea se face \u00een Limenas, capitala Thasos. Merge\u021bi spre Prinos \u0219i de acolo urma\u021bi indica\u021biile descrise mai sus. Aceast\u0103 c\u0103l\u0103torie dureaz\u0103 aproximativ 35 de minute cu ma\u0219ina.<\/p>\n\n\n\n<h3 class=\"h2 wp-block-heading\">Aeroportul Interna\u021bional Kavala<\/h3>\n\n\n\n<p>Aeroportul interna\u021bional Kavala este situat la doar 13 km distan\u021b\u0103 de debarcaderul Keramoti \u0219i opereaz\u0103 zboruri c\u0103tre multe destina\u021bii europene \u00een timpul verii.<\/p>\n\n\n\n<p><\/p>\n\n\n\n<p><strong>Urma\u021bi harta interactiv\u0103 dac\u0103 ave\u021bi nevoie de mai multe indica\u021bii!<\/strong><\/p>\n","protected":false},"excerpt":{"rendered":"<p>Cu feribotul din portul Kavala Feribotul ajunge la Prinos. Ie\u0219ind din doc, urma\u021bi indicatoarele pentru Limenaria (aproximativ 20 de minute cu ma\u0219ina). C\u00e2nd ajunge\u021bi la Limenaria, pe intersec\u021bia principal\u0103, face\u021bi st\u00e2nga \u0219i la 100 de metri de-a lungul acestui drum se afl\u0103 Alexa\u2019s Sunny Days. Cu feribotul de la docul Keramoti Sosirea se face \u00een [&hellip;]<\/p>\n","protected":false},"author":1,"featured_media":234,"parent":0,"menu_order":36,"comment_status":"closed","ping_status":"closed","template":"page-find-us.php","meta":{"_acf_changed":false,"footnotes":""},"class_list":["post-51","page","type-page","status-publish","has-post-thumbnail","hentry"],"acf":[],"yoast_head":"<!-- This site is optimized with the Yoast SEO plugin v27.5 - https:\/\/yoast.com\/product\/yoast-seo-wordpress\/ -->\n<title>LOCATIA - Alexa&#039;s Sunny Days<\/title>\n<meta name=\"description\" content=\"Aici pute\u021bi g\u0103si toate informa\u021biile necesare pe care trebuie s\u0103 le cunoa\u0219te\u021bi despre cum s\u0103 ajunge\u021bila loca\u021bia Sunny Days a lui Alexa.\" \/>\n<meta name=\"robots\" content=\"index, follow, max-snippet:-1, max-image-preview:large, max-video-preview:-1\" \/>\n<link rel=\"canonical\" href=\"https:\/\/alexassunnydays.gr\/ro\/find-us\/\" \/>\n<meta property=\"og:locale\" content=\"ro_RO\" \/>\n<meta property=\"og:type\" content=\"article\" \/>\n<meta property=\"og:title\" content=\"LOCATIA - Alexa&#039;s Sunny Days\" \/>\n<meta property=\"og:description\" content=\"Aici pute\u021bi g\u0103si toate informa\u021biile necesare pe care trebuie s\u0103 le cunoa\u0219te\u021bi despre cum s\u0103 ajunge\u021bila loca\u021bia Sunny Days a lui Alexa.\" \/>\n<meta property=\"og:url\" content=\"https:\/\/alexassunnydays.gr\/ro\/find-us\/\" \/>\n<meta property=\"og:site_name\" content=\"Alexa&#039;s Sunny Days\" \/>\n<meta property=\"article:modified_time\" content=\"2021-06-16T04:06:48+00:00\" \/>\n<meta property=\"og:image\" content=\"https:\/\/alexassunnydays.gr\/wp-content\/uploads\/2021\/04\/IMG_5229-HDR.jpg\" \/>\n\t<meta property=\"og:image:width\" content=\"2560\" \/>\n\t<meta property=\"og:image:height\" content=\"1706\" \/>\n\t<meta property=\"og:image:type\" content=\"image\/jpeg\" \/>\n<meta name=\"twitter:card\" content=\"summary_large_image\" \/>\n<meta name=\"twitter:label1\" content=\"Timp estimat pentru citire\" \/>\n\t<meta name=\"twitter:data1\" content=\"1 minute\" \/>\n<script type=\"application\/ld+json\" class=\"yoast-schema-graph\">{\"@context\":\"https:\\\/\\\/schema.org\",\"@graph\":[{\"@type\":\"WebPage\",\"@id\":\"https:\\\/\\\/alexassunnydays.gr\\\/ro\\\/find-us\\\/\",\"url\":\"https:\\\/\\\/alexassunnydays.gr\\\/ro\\\/find-us\\\/\",\"name\":\"LOCATIA - Alexa&#039;s Sunny Days\",\"isPartOf\":{\"@id\":\"https:\\\/\\\/alexassunnydays.gr\\\/#website\"},\"primaryImageOfPage\":{\"@id\":\"https:\\\/\\\/alexassunnydays.gr\\\/ro\\\/find-us\\\/#primaryimage\"},\"image\":{\"@id\":\"https:\\\/\\\/alexassunnydays.gr\\\/ro\\\/find-us\\\/#primaryimage\"},\"thumbnailUrl\":\"https:\\\/\\\/alexassunnydays.gr\\\/wp-content\\\/uploads\\\/2021\\\/04\\\/IMG_5229-HDR.jpg\",\"datePublished\":\"2021-04-09T07:19:49+00:00\",\"dateModified\":\"2021-06-16T04:06:48+00:00\",\"description\":\"Aici pute\u021bi g\u0103si toate informa\u021biile necesare pe care trebuie s\u0103 le cunoa\u0219te\u021bi despre cum s\u0103 ajunge\u021bila loca\u021bia Sunny Days a lui Alexa.\",\"breadcrumb\":{\"@id\":\"https:\\\/\\\/alexassunnydays.gr\\\/ro\\\/find-us\\\/#breadcrumb\"},\"inLanguage\":\"ro-RO\",\"potentialAction\":[{\"@type\":\"ReadAction\",\"target\":[\"https:\\\/\\\/alexassunnydays.gr\\\/ro\\\/find-us\\\/\"]}]},{\"@type\":\"ImageObject\",\"inLanguage\":\"ro-RO\",\"@id\":\"https:\\\/\\\/alexassunnydays.gr\\\/ro\\\/find-us\\\/#primaryimage\",\"url\":\"https:\\\/\\\/alexassunnydays.gr\\\/wp-content\\\/uploads\\\/2021\\\/04\\\/IMG_5229-HDR.jpg\",\"contentUrl\":\"https:\\\/\\\/alexassunnydays.gr\\\/wp-content\\\/uploads\\\/2021\\\/04\\\/IMG_5229-HDR.jpg\",\"width\":2560,\"height\":1706},{\"@type\":\"BreadcrumbList\",\"@id\":\"https:\\\/\\\/alexassunnydays.gr\\\/ro\\\/find-us\\\/#breadcrumb\",\"itemListElement\":[{\"@type\":\"ListItem\",\"position\":1,\"name\":\"Home\",\"item\":\"https:\\\/\\\/alexassunnydays.gr\\\/ro\\\/front-page\\\/\"},{\"@type\":\"ListItem\",\"position\":2,\"name\":\"LOCATIA\"}]},{\"@type\":\"WebSite\",\"@id\":\"https:\\\/\\\/alexassunnydays.gr\\\/#website\",\"url\":\"https:\\\/\\\/alexassunnydays.gr\\\/\",\"name\":\"Alexa&#039;s Sunny Days\",\"description\":\"Apartments at Limenaria Thassos\",\"potentialAction\":[{\"@type\":\"SearchAction\",\"target\":{\"@type\":\"EntryPoint\",\"urlTemplate\":\"https:\\\/\\\/alexassunnydays.gr\\\/?s={search_term_string}\"},\"query-input\":{\"@type\":\"PropertyValueSpecification\",\"valueRequired\":true,\"valueName\":\"search_term_string\"}}],\"inLanguage\":\"ro-RO\"}]}<\/script>\n<!-- \/ Yoast SEO plugin. -->","yoast_head_json":{"title":"LOCATIA - Alexa&#039;s Sunny Days","description":"Aici pute\u021bi g\u0103si toate informa\u021biile necesare pe care trebuie s\u0103 le cunoa\u0219te\u021bi despre cum s\u0103 ajunge\u021bila loca\u021bia Sunny Days a lui Alexa.","robots":{"index":"index","follow":"follow","max-snippet":"max-snippet:-1","max-image-preview":"max-image-preview:large","max-video-preview":"max-video-preview:-1"},"canonical":"https:\/\/alexassunnydays.gr\/ro\/find-us\/","og_locale":"ro_RO","og_type":"article","og_title":"LOCATIA - Alexa&#039;s Sunny Days","og_description":"Aici pute\u021bi g\u0103si toate informa\u021biile necesare pe care trebuie s\u0103 le cunoa\u0219te\u021bi despre cum s\u0103 ajunge\u021bila loca\u021bia Sunny Days a lui Alexa.","og_url":"https:\/\/alexassunnydays.gr\/ro\/find-us\/","og_site_name":"Alexa&#039;s Sunny Days","article_modified_time":"2021-06-16T04:06:48+00:00","og_image":[{"width":2560,"height":1706,"url":"https:\/\/alexassunnydays.gr\/wp-content\/uploads\/2021\/04\/IMG_5229-HDR.jpg","type":"image\/jpeg"}],"twitter_card":"summary_large_image","twitter_misc":{"Timp estimat pentru citire":"1 minute"},"schema":{"@context":"https:\/\/schema.org","@graph":[{"@type":"WebPage","@id":"https:\/\/alexassunnydays.gr\/ro\/find-us\/","url":"https:\/\/alexassunnydays.gr\/ro\/find-us\/","name":"LOCATIA - Alexa&#039;s Sunny Days","isPartOf":{"@id":"https:\/\/alexassunnydays.gr\/#website"},"primaryImageOfPage":{"@id":"https:\/\/alexassunnydays.gr\/ro\/find-us\/#primaryimage"},"image":{"@id":"https:\/\/alexassunnydays.gr\/ro\/find-us\/#primaryimage"},"thumbnailUrl":"https:\/\/alexassunnydays.gr\/wp-content\/uploads\/2021\/04\/IMG_5229-HDR.jpg","datePublished":"2021-04-09T07:19:49+00:00","dateModified":"2021-06-16T04:06:48+00:00","description":"Aici pute\u021bi g\u0103si toate informa\u021biile necesare pe care trebuie s\u0103 le cunoa\u0219te\u021bi despre cum s\u0103 ajunge\u021bila loca\u021bia Sunny Days a lui Alexa.","breadcrumb":{"@id":"https:\/\/alexassunnydays.gr\/ro\/find-us\/#breadcrumb"},"inLanguage":"ro-RO","potentialAction":[{"@type":"ReadAction","target":["https:\/\/alexassunnydays.gr\/ro\/find-us\/"]}]},{"@type":"ImageObject","inLanguage":"ro-RO","@id":"https:\/\/alexassunnydays.gr\/ro\/find-us\/#primaryimage","url":"https:\/\/alexassunnydays.gr\/wp-content\/uploads\/2021\/04\/IMG_5229-HDR.jpg","contentUrl":"https:\/\/alexassunnydays.gr\/wp-content\/uploads\/2021\/04\/IMG_5229-HDR.jpg","width":2560,"height":1706},{"@type":"BreadcrumbList","@id":"https:\/\/alexassunnydays.gr\/ro\/find-us\/#breadcrumb","itemListElement":[{"@type":"ListItem","position":1,"name":"Home","item":"https:\/\/alexassunnydays.gr\/ro\/front-page\/"},{"@type":"ListItem","position":2,"name":"LOCATIA"}]},{"@type":"WebSite","@id":"https:\/\/alexassunnydays.gr\/#website","url":"https:\/\/alexassunnydays.gr\/","name":"Alexa&#039;s Sunny Days","description":"Apartments at Limenaria Thassos","potentialAction":[{"@type":"SearchAction","target":{"@type":"EntryPoint","urlTemplate":"https:\/\/alexassunnydays.gr\/?s={search_term_string}"},"query-input":{"@type":"PropertyValueSpecification","valueRequired":true,"valueName":"search_term_string"}}],"inLanguage":"ro-RO"}]}},"_links":{"self":[{"href":"https:\/\/alexassunnydays.gr\/ro\/wp-json\/wp\/v2\/pages\/51","targetHints":{"allow":["GET"]}}],"collection":[{"href":"https:\/\/alexassunnydays.gr\/ro\/wp-json\/wp\/v2\/pages"}],"about":[{"href":"https:\/\/alexassunnydays.gr\/ro\/wp-json\/wp\/v2\/types\/page"}],"author":[{"embeddable":true,"href":"https:\/\/alexassunnydays.gr\/ro\/wp-json\/wp\/v2\/users\/1"}],"replies":[{"embeddable":true,"href":"https:\/\/alexassunnydays.gr\/ro\/wp-json\/wp\/v2\/comments?post=51"}],"version-history":[{"count":8,"href":"https:\/\/alexassunnydays.gr\/ro\/wp-json\/wp\/v2\/pages\/51\/revisions"}],"predecessor-version":[{"id":1147,"href":"https:\/\/alexassunnydays.gr\/ro\/wp-json\/wp\/v2\/pages\/51\/revisions\/1147"}],"wp:featuredmedia":[{"embeddable":true,"href":"https:\/\/alexassunnydays.gr\/ro\/wp-json\/wp\/v2\/media\/234"}],"wp:attachment":[{"href":"https:\/\/alexassunnydays.gr\/ro\/wp-json\/wp\/v2\/media?parent=51"}],"curies":[{"name":"wp","href":"https:\/\/api.w.org\/{rel}","templated":true}]}}