{"id":41,"date":"2021-04-09T07:19:12","date_gmt":"2021-04-09T07:19:12","guid":{"rendered":"http:\/\/localhost\/alexassunnydays\/facilities\/"},"modified":"2024-09-03T10:53:22","modified_gmt":"2024-09-03T10:53:22","slug":"facilities","status":"publish","type":"page","link":"https:\/\/alexassunnydays.gr\/ro\/facilities\/","title":{"rendered":"FACILITATI"},"content":{"rendered":"","protected":false},"excerpt":{"rendered":"","protected":false},"author":1,"featured_media":224,"parent":0,"menu_order":26,"comment_status":"closed","ping_status":"closed","template":"page-facilities.php","meta":{"_acf_changed":false,"footnotes":""},"class_list":["post-41","page","type-page","status-publish","has-post-thumbnail","hentry"],"acf":[],"yoast_head":"<!-- This site is optimized with the Yoast SEO plugin v27.5 - https:\/\/yoast.com\/product\/yoast-seo-wordpress\/ -->\n<title>FACILITATI - Alexa&#039;s Sunny Days<\/title>\n<meta name=\"description\" content=\"Facilit\u0103\u021bile noastre \u0219i facilit\u0103\u021bile pe care le oferim oaspe\u021bilor no\u0219tri sunt mai mult dec\u00e2tadecvate,dorim s\u0103 v\u0103 asigur\u0103m un sejur pl\u0103cut aici\" \/>\n<meta name=\"robots\" content=\"index, follow, max-snippet:-1, max-image-preview:large, max-video-preview:-1\" \/>\n<link rel=\"canonical\" href=\"https:\/\/alexassunnydays.gr\/ro\/facilities\/\" \/>\n<meta property=\"og:locale\" content=\"ro_RO\" \/>\n<meta property=\"og:type\" content=\"article\" \/>\n<meta property=\"og:title\" content=\"FACILITATI - Alexa&#039;s Sunny Days\" \/>\n<meta property=\"og:description\" content=\"Facilit\u0103\u021bile noastre \u0219i facilit\u0103\u021bile pe care le oferim oaspe\u021bilor no\u0219tri sunt mai mult dec\u00e2tadecvate,dorim s\u0103 v\u0103 asigur\u0103m un sejur pl\u0103cut aici\" \/>\n<meta property=\"og:url\" content=\"https:\/\/alexassunnydays.gr\/ro\/facilities\/\" \/>\n<meta property=\"og:site_name\" content=\"Alexa&#039;s Sunny Days\" \/>\n<meta property=\"article:modified_time\" content=\"2024-09-03T10:53:22+00:00\" \/>\n<meta property=\"og:image\" content=\"https:\/\/alexassunnydays.gr\/wp-content\/uploads\/2021\/04\/IMG_0961-HDR.jpg\" \/>\n\t<meta property=\"og:image:width\" content=\"2560\" \/>\n\t<meta property=\"og:image:height\" content=\"1605\" \/>\n\t<meta property=\"og:image:type\" content=\"image\/jpeg\" \/>\n<meta name=\"twitter:card\" content=\"summary_large_image\" \/>\n<meta name=\"twitter:label1\" content=\"Timp estimat pentru citire\" \/>\n\t<meta name=\"twitter:data1\" content=\"1 minute\" \/>\n<script type=\"application\/ld+json\" class=\"yoast-schema-graph\">{\"@context\":\"https:\\\/\\\/schema.org\",\"@graph\":[{\"@type\":\"WebPage\",\"@id\":\"https:\\\/\\\/alexassunnydays.gr\\\/ro\\\/facilities\\\/\",\"url\":\"https:\\\/\\\/alexassunnydays.gr\\\/ro\\\/facilities\\\/\",\"name\":\"FACILITATI - Alexa&#039;s Sunny Days\",\"isPartOf\":{\"@id\":\"https:\\\/\\\/alexassunnydays.gr\\\/#website\"},\"primaryImageOfPage\":{\"@id\":\"https:\\\/\\\/alexassunnydays.gr\\\/ro\\\/facilities\\\/#primaryimage\"},\"image\":{\"@id\":\"https:\\\/\\\/alexassunnydays.gr\\\/ro\\\/facilities\\\/#primaryimage\"},\"thumbnailUrl\":\"https:\\\/\\\/alexassunnydays.gr\\\/wp-content\\\/uploads\\\/2021\\\/04\\\/IMG_0961-HDR.jpg\",\"datePublished\":\"2021-04-09T07:19:12+00:00\",\"dateModified\":\"2024-09-03T10:53:22+00:00\",\"description\":\"Facilit\u0103\u021bile noastre \u0219i facilit\u0103\u021bile pe care le oferim oaspe\u021bilor no\u0219tri sunt mai mult dec\u00e2tadecvate,dorim s\u0103 v\u0103 asigur\u0103m un sejur pl\u0103cut aici\",\"breadcrumb\":{\"@id\":\"https:\\\/\\\/alexassunnydays.gr\\\/ro\\\/facilities\\\/#breadcrumb\"},\"inLanguage\":\"ro-RO\",\"potentialAction\":[{\"@type\":\"ReadAction\",\"target\":[\"https:\\\/\\\/alexassunnydays.gr\\\/ro\\\/facilities\\\/\"]}]},{\"@type\":\"ImageObject\",\"inLanguage\":\"ro-RO\",\"@id\":\"https:\\\/\\\/alexassunnydays.gr\\\/ro\\\/facilities\\\/#primaryimage\",\"url\":\"https:\\\/\\\/alexassunnydays.gr\\\/wp-content\\\/uploads\\\/2021\\\/04\\\/IMG_0961-HDR.jpg\",\"contentUrl\":\"https:\\\/\\\/alexassunnydays.gr\\\/wp-content\\\/uploads\\\/2021\\\/04\\\/IMG_0961-HDR.jpg\",\"width\":2560,\"height\":1605},{\"@type\":\"BreadcrumbList\",\"@id\":\"https:\\\/\\\/alexassunnydays.gr\\\/ro\\\/facilities\\\/#breadcrumb\",\"itemListElement\":[{\"@type\":\"ListItem\",\"position\":1,\"name\":\"Home\",\"item\":\"https:\\\/\\\/alexassunnydays.gr\\\/ro\\\/front-page\\\/\"},{\"@type\":\"ListItem\",\"position\":2,\"name\":\"FACILITATI\"}]},{\"@type\":\"WebSite\",\"@id\":\"https:\\\/\\\/alexassunnydays.gr\\\/#website\",\"url\":\"https:\\\/\\\/alexassunnydays.gr\\\/\",\"name\":\"Alexa&#039;s Sunny Days\",\"description\":\"Apartments at Limenaria Thassos\",\"potentialAction\":[{\"@type\":\"SearchAction\",\"target\":{\"@type\":\"EntryPoint\",\"urlTemplate\":\"https:\\\/\\\/alexassunnydays.gr\\\/?s={search_term_string}\"},\"query-input\":{\"@type\":\"PropertyValueSpecification\",\"valueRequired\":true,\"valueName\":\"search_term_string\"}}],\"inLanguage\":\"ro-RO\"}]}<\/script>\n<!-- \/ Yoast SEO plugin. -->","yoast_head_json":{"title":"FACILITATI - Alexa&#039;s Sunny Days","description":"Facilit\u0103\u021bile noastre \u0219i facilit\u0103\u021bile pe care le oferim oaspe\u021bilor no\u0219tri sunt mai mult dec\u00e2tadecvate,dorim s\u0103 v\u0103 asigur\u0103m un sejur pl\u0103cut aici","robots":{"index":"index","follow":"follow","max-snippet":"max-snippet:-1","max-image-preview":"max-image-preview:large","max-video-preview":"max-video-preview:-1"},"canonical":"https:\/\/alexassunnydays.gr\/ro\/facilities\/","og_locale":"ro_RO","og_type":"article","og_title":"FACILITATI - Alexa&#039;s Sunny Days","og_description":"Facilit\u0103\u021bile noastre \u0219i facilit\u0103\u021bile pe care le oferim oaspe\u021bilor no\u0219tri sunt mai mult dec\u00e2tadecvate,dorim s\u0103 v\u0103 asigur\u0103m un sejur pl\u0103cut aici","og_url":"https:\/\/alexassunnydays.gr\/ro\/facilities\/","og_site_name":"Alexa&#039;s Sunny Days","article_modified_time":"2024-09-03T10:53:22+00:00","og_image":[{"width":2560,"height":1605,"url":"https:\/\/alexassunnydays.gr\/wp-content\/uploads\/2021\/04\/IMG_0961-HDR.jpg","type":"image\/jpeg"}],"twitter_card":"summary_large_image","twitter_misc":{"Timp estimat pentru citire":"1 minute"},"schema":{"@context":"https:\/\/schema.org","@graph":[{"@type":"WebPage","@id":"https:\/\/alexassunnydays.gr\/ro\/facilities\/","url":"https:\/\/alexassunnydays.gr\/ro\/facilities\/","name":"FACILITATI - Alexa&#039;s Sunny Days","isPartOf":{"@id":"https:\/\/alexassunnydays.gr\/#website"},"primaryImageOfPage":{"@id":"https:\/\/alexassunnydays.gr\/ro\/facilities\/#primaryimage"},"image":{"@id":"https:\/\/alexassunnydays.gr\/ro\/facilities\/#primaryimage"},"thumbnailUrl":"https:\/\/alexassunnydays.gr\/wp-content\/uploads\/2021\/04\/IMG_0961-HDR.jpg","datePublished":"2021-04-09T07:19:12+00:00","dateModified":"2024-09-03T10:53:22+00:00","description":"Facilit\u0103\u021bile noastre \u0219i facilit\u0103\u021bile pe care le oferim oaspe\u021bilor no\u0219tri sunt mai mult dec\u00e2tadecvate,dorim s\u0103 v\u0103 asigur\u0103m un sejur pl\u0103cut aici","breadcrumb":{"@id":"https:\/\/alexassunnydays.gr\/ro\/facilities\/#breadcrumb"},"inLanguage":"ro-RO","potentialAction":[{"@type":"ReadAction","target":["https:\/\/alexassunnydays.gr\/ro\/facilities\/"]}]},{"@type":"ImageObject","inLanguage":"ro-RO","@id":"https:\/\/alexassunnydays.gr\/ro\/facilities\/#primaryimage","url":"https:\/\/alexassunnydays.gr\/wp-content\/uploads\/2021\/04\/IMG_0961-HDR.jpg","contentUrl":"https:\/\/alexassunnydays.gr\/wp-content\/uploads\/2021\/04\/IMG_0961-HDR.jpg","width":2560,"height":1605},{"@type":"BreadcrumbList","@id":"https:\/\/alexassunnydays.gr\/ro\/facilities\/#breadcrumb","itemListElement":[{"@type":"ListItem","position":1,"name":"Home","item":"https:\/\/alexassunnydays.gr\/ro\/front-page\/"},{"@type":"ListItem","position":2,"name":"FACILITATI"}]},{"@type":"WebSite","@id":"https:\/\/alexassunnydays.gr\/#website","url":"https:\/\/alexassunnydays.gr\/","name":"Alexa&#039;s Sunny Days","description":"Apartments at Limenaria Thassos","potentialAction":[{"@type":"SearchAction","target":{"@type":"EntryPoint","urlTemplate":"https:\/\/alexassunnydays.gr\/?s={search_term_string}"},"query-input":{"@type":"PropertyValueSpecification","valueRequired":true,"valueName":"search_term_string"}}],"inLanguage":"ro-RO"}]}},"_links":{"self":[{"href":"https:\/\/alexassunnydays.gr\/ro\/wp-json\/wp\/v2\/pages\/41","targetHints":{"allow":["GET"]}}],"collection":[{"href":"https:\/\/alexassunnydays.gr\/ro\/wp-json\/wp\/v2\/pages"}],"about":[{"href":"https:\/\/alexassunnydays.gr\/ro\/wp-json\/wp\/v2\/types\/page"}],"author":[{"embeddable":true,"href":"https:\/\/alexassunnydays.gr\/ro\/wp-json\/wp\/v2\/users\/1"}],"replies":[{"embeddable":true,"href":"https:\/\/alexassunnydays.gr\/ro\/wp-json\/wp\/v2\/comments?post=41"}],"version-history":[{"count":13,"href":"https:\/\/alexassunnydays.gr\/ro\/wp-json\/wp\/v2\/pages\/41\/revisions"}],"predecessor-version":[{"id":2112,"href":"https:\/\/alexassunnydays.gr\/ro\/wp-json\/wp\/v2\/pages\/41\/revisions\/2112"}],"wp:featuredmedia":[{"embeddable":true,"href":"https:\/\/alexassunnydays.gr\/ro\/wp-json\/wp\/v2\/media\/224"}],"wp:attachment":[{"href":"https:\/\/alexassunnydays.gr\/ro\/wp-json\/wp\/v2\/media?parent=41"}],"curies":[{"name":"wp","href":"https:\/\/api.w.org\/{rel}","templated":true}]}}