{"id":31,"date":"2021-04-09T07:18:42","date_gmt":"2021-04-09T07:18:42","guid":{"rendered":"http:\/\/localhost\/alexassunnydays\/rooms\/"},"modified":"2021-06-16T04:06:10","modified_gmt":"2021-06-16T04:06:10","slug":"rooms","status":"publish","type":"page","link":"https:\/\/alexassunnydays.gr\/ro\/rooms\/","title":{"rendered":"CAMERE"},"content":{"rendered":"\n<h2 class=\"h2 wp-block-heading\">Familia, prietenii sau cuplul<\/h2>\n\n\n\n<p>Unitatea de cazare are 15 camere, studiouri \u0219i apartamente proiectate \u0219i decorate individual, fiecare dintre ele av\u00e2nd un mediu elegant \u0219i modern \u00een interior. Mobilierul realizat manual, buc\u0103t\u0103riile din lemn \u0219i b\u0103ile estetice se unesc cu bun gust, duc\u00e2nd armonios la un balcon sau teras\u0103 privat\u0103 la exterior.<\/p>\n\n\n\n<p>Tipurile de camere pe care le oferim pentru vacan\u021ba dvs. de var\u0103 sunt:<\/p>\n\n\n\n<ul class=\"wp-block-list\"><li><strong>dublu<\/strong>, care poate g\u0103zdui p\u00e2n\u0103 la 2 persoane (un pat dublu)<\/li><li><strong>tripl\u0103<\/strong>, o camer\u0103 pentru p\u00e2n\u0103 la 3 persoane (un pat dublu \u0219i un pat de o persoan\u0103) \u0219i<\/li><li><strong>apartament cu un dormitor (cvadruplu)<\/strong>\u00a0care poate g\u0103zdui p\u00e2n\u0103 la 4 persoane. Apartamentul este format dintr-un dormitor cu un pat dublu \u0219i un living separat cu dou\u0103 paturi de o persoan\u0103.<\/li><\/ul>\n","protected":false},"excerpt":{"rendered":"<p>Familia, prietenii sau cuplul Unitatea de cazare are 15 camere, studiouri \u0219i apartamente proiectate \u0219i decorate individual, fiecare dintre ele av\u00e2nd un mediu elegant \u0219i modern \u00een interior. Mobilierul realizat manual, buc\u0103t\u0103riile din lemn \u0219i b\u0103ile estetice se unesc cu bun gust, duc\u00e2nd armonios la un balcon sau teras\u0103 privat\u0103 la exterior. Tipurile de camere [&hellip;]<\/p>\n","protected":false},"author":1,"featured_media":170,"parent":0,"menu_order":15,"comment_status":"closed","ping_status":"closed","template":"page-rooms-accom.php","meta":{"_acf_changed":false,"footnotes":""},"class_list":["post-31","page","type-page","status-publish","has-post-thumbnail","hentry"],"acf":[],"yoast_head":"<!-- This site is optimized with the Yoast SEO plugin v27.5 - https:\/\/yoast.com\/product\/yoast-seo-wordpress\/ -->\n<title>CAMERE - Alexa&#039;s Sunny Days<\/title>\n<meta name=\"description\" content=\"Oferim camere \u0219i apartamente pentru p\u00e2n\u0103 la 4 persoane. Toate camerele au buc\u0103t\u0103rie privat\u0103,baie \u0219i balcon \u0219i toate facilit\u0103\u021bile necesare.\" \/>\n<meta name=\"robots\" content=\"index, follow, max-snippet:-1, max-image-preview:large, max-video-preview:-1\" \/>\n<link rel=\"canonical\" href=\"https:\/\/alexassunnydays.gr\/ro\/rooms\/\" \/>\n<meta property=\"og:locale\" content=\"ro_RO\" \/>\n<meta property=\"og:type\" content=\"article\" \/>\n<meta property=\"og:title\" content=\"CAMERE - Alexa&#039;s Sunny Days\" \/>\n<meta property=\"og:description\" content=\"Oferim camere \u0219i apartamente pentru p\u00e2n\u0103 la 4 persoane. Toate camerele au buc\u0103t\u0103rie privat\u0103,baie \u0219i balcon \u0219i toate facilit\u0103\u021bile necesare.\" \/>\n<meta property=\"og:url\" content=\"https:\/\/alexassunnydays.gr\/ro\/rooms\/\" \/>\n<meta property=\"og:site_name\" content=\"Alexa&#039;s Sunny Days\" \/>\n<meta property=\"article:modified_time\" content=\"2021-06-16T04:06:10+00:00\" \/>\n<meta property=\"og:image\" content=\"https:\/\/alexassunnydays.gr\/wp-content\/uploads\/2021\/04\/IMG_0899-1.jpg\" \/>\n\t<meta property=\"og:image:width\" content=\"2560\" \/>\n\t<meta property=\"og:image:height\" content=\"1706\" \/>\n\t<meta property=\"og:image:type\" content=\"image\/jpeg\" \/>\n<meta name=\"twitter:card\" content=\"summary_large_image\" \/>\n<meta name=\"twitter:label1\" content=\"Timp estimat pentru citire\" \/>\n\t<meta name=\"twitter:data1\" content=\"1 minute\" \/>\n<script type=\"application\/ld+json\" class=\"yoast-schema-graph\">{\"@context\":\"https:\\\/\\\/schema.org\",\"@graph\":[{\"@type\":\"WebPage\",\"@id\":\"https:\\\/\\\/alexassunnydays.gr\\\/ro\\\/rooms\\\/\",\"url\":\"https:\\\/\\\/alexassunnydays.gr\\\/ro\\\/rooms\\\/\",\"name\":\"CAMERE - Alexa&#039;s Sunny Days\",\"isPartOf\":{\"@id\":\"https:\\\/\\\/alexassunnydays.gr\\\/#website\"},\"primaryImageOfPage\":{\"@id\":\"https:\\\/\\\/alexassunnydays.gr\\\/ro\\\/rooms\\\/#primaryimage\"},\"image\":{\"@id\":\"https:\\\/\\\/alexassunnydays.gr\\\/ro\\\/rooms\\\/#primaryimage\"},\"thumbnailUrl\":\"https:\\\/\\\/alexassunnydays.gr\\\/wp-content\\\/uploads\\\/2021\\\/04\\\/IMG_0899-1.jpg\",\"datePublished\":\"2021-04-09T07:18:42+00:00\",\"dateModified\":\"2021-06-16T04:06:10+00:00\",\"description\":\"Oferim camere \u0219i apartamente pentru p\u00e2n\u0103 la 4 persoane. Toate camerele au buc\u0103t\u0103rie privat\u0103,baie \u0219i balcon \u0219i toate facilit\u0103\u021bile necesare.\",\"breadcrumb\":{\"@id\":\"https:\\\/\\\/alexassunnydays.gr\\\/ro\\\/rooms\\\/#breadcrumb\"},\"inLanguage\":\"ro-RO\",\"potentialAction\":[{\"@type\":\"ReadAction\",\"target\":[\"https:\\\/\\\/alexassunnydays.gr\\\/ro\\\/rooms\\\/\"]}]},{\"@type\":\"ImageObject\",\"inLanguage\":\"ro-RO\",\"@id\":\"https:\\\/\\\/alexassunnydays.gr\\\/ro\\\/rooms\\\/#primaryimage\",\"url\":\"https:\\\/\\\/alexassunnydays.gr\\\/wp-content\\\/uploads\\\/2021\\\/04\\\/IMG_0899-1.jpg\",\"contentUrl\":\"https:\\\/\\\/alexassunnydays.gr\\\/wp-content\\\/uploads\\\/2021\\\/04\\\/IMG_0899-1.jpg\",\"width\":2560,\"height\":1706},{\"@type\":\"BreadcrumbList\",\"@id\":\"https:\\\/\\\/alexassunnydays.gr\\\/ro\\\/rooms\\\/#breadcrumb\",\"itemListElement\":[{\"@type\":\"ListItem\",\"position\":1,\"name\":\"Home\",\"item\":\"https:\\\/\\\/alexassunnydays.gr\\\/ro\\\/front-page\\\/\"},{\"@type\":\"ListItem\",\"position\":2,\"name\":\"CAMERE\"}]},{\"@type\":\"WebSite\",\"@id\":\"https:\\\/\\\/alexassunnydays.gr\\\/#website\",\"url\":\"https:\\\/\\\/alexassunnydays.gr\\\/\",\"name\":\"Alexa&#039;s Sunny Days\",\"description\":\"Apartments at Limenaria Thassos\",\"potentialAction\":[{\"@type\":\"SearchAction\",\"target\":{\"@type\":\"EntryPoint\",\"urlTemplate\":\"https:\\\/\\\/alexassunnydays.gr\\\/?s={search_term_string}\"},\"query-input\":{\"@type\":\"PropertyValueSpecification\",\"valueRequired\":true,\"valueName\":\"search_term_string\"}}],\"inLanguage\":\"ro-RO\"}]}<\/script>\n<!-- \/ Yoast SEO plugin. -->","yoast_head_json":{"title":"CAMERE - Alexa&#039;s Sunny Days","description":"Oferim camere \u0219i apartamente pentru p\u00e2n\u0103 la 4 persoane. Toate camerele au buc\u0103t\u0103rie privat\u0103,baie \u0219i balcon \u0219i toate facilit\u0103\u021bile necesare.","robots":{"index":"index","follow":"follow","max-snippet":"max-snippet:-1","max-image-preview":"max-image-preview:large","max-video-preview":"max-video-preview:-1"},"canonical":"https:\/\/alexassunnydays.gr\/ro\/rooms\/","og_locale":"ro_RO","og_type":"article","og_title":"CAMERE - Alexa&#039;s Sunny Days","og_description":"Oferim camere \u0219i apartamente pentru p\u00e2n\u0103 la 4 persoane. Toate camerele au buc\u0103t\u0103rie privat\u0103,baie \u0219i balcon \u0219i toate facilit\u0103\u021bile necesare.","og_url":"https:\/\/alexassunnydays.gr\/ro\/rooms\/","og_site_name":"Alexa&#039;s Sunny Days","article_modified_time":"2021-06-16T04:06:10+00:00","og_image":[{"width":2560,"height":1706,"url":"https:\/\/alexassunnydays.gr\/wp-content\/uploads\/2021\/04\/IMG_0899-1.jpg","type":"image\/jpeg"}],"twitter_card":"summary_large_image","twitter_misc":{"Timp estimat pentru citire":"1 minute"},"schema":{"@context":"https:\/\/schema.org","@graph":[{"@type":"WebPage","@id":"https:\/\/alexassunnydays.gr\/ro\/rooms\/","url":"https:\/\/alexassunnydays.gr\/ro\/rooms\/","name":"CAMERE - Alexa&#039;s Sunny Days","isPartOf":{"@id":"https:\/\/alexassunnydays.gr\/#website"},"primaryImageOfPage":{"@id":"https:\/\/alexassunnydays.gr\/ro\/rooms\/#primaryimage"},"image":{"@id":"https:\/\/alexassunnydays.gr\/ro\/rooms\/#primaryimage"},"thumbnailUrl":"https:\/\/alexassunnydays.gr\/wp-content\/uploads\/2021\/04\/IMG_0899-1.jpg","datePublished":"2021-04-09T07:18:42+00:00","dateModified":"2021-06-16T04:06:10+00:00","description":"Oferim camere \u0219i apartamente pentru p\u00e2n\u0103 la 4 persoane. Toate camerele au buc\u0103t\u0103rie privat\u0103,baie \u0219i balcon \u0219i toate facilit\u0103\u021bile necesare.","breadcrumb":{"@id":"https:\/\/alexassunnydays.gr\/ro\/rooms\/#breadcrumb"},"inLanguage":"ro-RO","potentialAction":[{"@type":"ReadAction","target":["https:\/\/alexassunnydays.gr\/ro\/rooms\/"]}]},{"@type":"ImageObject","inLanguage":"ro-RO","@id":"https:\/\/alexassunnydays.gr\/ro\/rooms\/#primaryimage","url":"https:\/\/alexassunnydays.gr\/wp-content\/uploads\/2021\/04\/IMG_0899-1.jpg","contentUrl":"https:\/\/alexassunnydays.gr\/wp-content\/uploads\/2021\/04\/IMG_0899-1.jpg","width":2560,"height":1706},{"@type":"BreadcrumbList","@id":"https:\/\/alexassunnydays.gr\/ro\/rooms\/#breadcrumb","itemListElement":[{"@type":"ListItem","position":1,"name":"Home","item":"https:\/\/alexassunnydays.gr\/ro\/front-page\/"},{"@type":"ListItem","position":2,"name":"CAMERE"}]},{"@type":"WebSite","@id":"https:\/\/alexassunnydays.gr\/#website","url":"https:\/\/alexassunnydays.gr\/","name":"Alexa&#039;s Sunny Days","description":"Apartments at Limenaria Thassos","potentialAction":[{"@type":"SearchAction","target":{"@type":"EntryPoint","urlTemplate":"https:\/\/alexassunnydays.gr\/?s={search_term_string}"},"query-input":{"@type":"PropertyValueSpecification","valueRequired":true,"valueName":"search_term_string"}}],"inLanguage":"ro-RO"}]}},"_links":{"self":[{"href":"https:\/\/alexassunnydays.gr\/ro\/wp-json\/wp\/v2\/pages\/31","targetHints":{"allow":["GET"]}}],"collection":[{"href":"https:\/\/alexassunnydays.gr\/ro\/wp-json\/wp\/v2\/pages"}],"about":[{"href":"https:\/\/alexassunnydays.gr\/ro\/wp-json\/wp\/v2\/types\/page"}],"author":[{"embeddable":true,"href":"https:\/\/alexassunnydays.gr\/ro\/wp-json\/wp\/v2\/users\/1"}],"replies":[{"embeddable":true,"href":"https:\/\/alexassunnydays.gr\/ro\/wp-json\/wp\/v2\/comments?post=31"}],"version-history":[{"count":17,"href":"https:\/\/alexassunnydays.gr\/ro\/wp-json\/wp\/v2\/pages\/31\/revisions"}],"predecessor-version":[{"id":1151,"href":"https:\/\/alexassunnydays.gr\/ro\/wp-json\/wp\/v2\/pages\/31\/revisions\/1151"}],"wp:featuredmedia":[{"embeddable":true,"href":"https:\/\/alexassunnydays.gr\/ro\/wp-json\/wp\/v2\/media\/170"}],"wp:attachment":[{"href":"https:\/\/alexassunnydays.gr\/ro\/wp-json\/wp\/v2\/media?parent=31"}],"curies":[{"name":"wp","href":"https:\/\/api.w.org\/{rel}","templated":true}]}}